{"id":19,"date":"2023-09-18T04:40:55","date_gmt":"2023-09-18T02:40:55","guid":{"rendered":"https:\/\/divorcioreus.com\/?page_id=19"},"modified":"2023-12-13T00:24:50","modified_gmt":"2023-12-12T23:24:50","slug":"declaracio-accessibilitat","status":"publish","type":"page","link":"https:\/\/divorcioreus.com\/ca\/declaracio-accessibilitat\/","title":{"rendered":"Accesibilitat"},"content":{"rendered":"<p>[et_pb_section fb_built=&#8221;1&#8243; _builder_version=&#8221;4.20.2&#8243; _module_preset=&#8221;default&#8221; global_colors_info=&#8221;{}&#8221;][et_pb_row _builder_version=&#8221;4.20.2&#8243; _module_preset=&#8221;default&#8221; global_colors_info=&#8221;{}&#8221;][et_pb_column type=&#8221;4_4&#8243; _builder_version=&#8221;4.20.2&#8243; _module_preset=&#8221;default&#8221; global_colors_info=&#8221;{}&#8221;][et_pb_text _builder_version=&#8221;4.22.1&#8243; _module_preset=&#8221;default&#8221; header_font_size=&#8221;42px&#8221; header_2_font=&#8221;|700|||||||&#8221; header_2_text_align=&#8221;center&#8221; header_2_font_size=&#8221;42px&#8221; custom_margin=&#8221;||4px||false|false&#8221; header_font_size_tablet=&#8221;36px&#8221; header_font_size_phone=&#8221;28px&#8221; header_font_size_last_edited=&#8221;on|desktop&#8221; header_2_font_size_tablet=&#8221;36px&#8221; header_2_font_size_phone=&#8221;28px&#8221; header_2_font_size_last_edited=&#8221;on|phone&#8221; global_colors_info=&#8221;{}&#8221;]<\/p>\n<h1>Declaraci\u00f3 d&#8217;accessibilitat<\/h1>\n<p>[\/et_pb_text][et_pb_divider divider_weight=&#8221;4px&#8221; _builder_version=&#8221;4.22.1&#8243; _module_preset=&#8221;default&#8221; width=&#8221;100px&#8221; module_alignment=&#8221;left&#8221; custom_margin=&#8221;4px||4px||true|false&#8221; locked=&#8221;off&#8221; global_colors_info=&#8221;{}&#8221;][\/et_pb_divider][et_pb_text _builder_version=&#8221;4.22.1&#8243; _module_preset=&#8221;default&#8221; hover_enabled=&#8221;0&#8243; global_colors_info=&#8221;{}&#8221; sticky_enabled=&#8221;0&#8243;]<\/p>\n<p><span>JOSEP PALLEJ\u00c0, ADVOCAT<\/span>, s&#8217;ha comprom\u00e8s a fer accessible el vostre lloc web, de conformitat amb el Reial Decret 1112\/2018, de 7 de setembre, sobre accessibilitat dels llocs web i aplicacions per a dispositius m\u00f2bils del sector p\u00fablic.<\/p>\n<p>Aquesta declaraci\u00f3 d&#8217;accessibilitat s&#8217;aplica al lloc web https:\/\/divorcioreus.com:<\/p>\n<p>Entre les actualitzacions realitzades al nostre lloc web en funci\u00f3 de millorar l&#8217;accessibilitat destaquen:<\/p>\n<ul>\n<li>Inclusi\u00f3 d&#8217;eines d&#8217;accessibilitat per augmentar o disminuir el text.<\/li>\n<li>Inclusi\u00f3 d&#8217;eines d&#8217;accessibilitat per millorar el contrast.<\/li>\n<li>Inclusi\u00f3 d&#8217;eines d&#8217;accessibilitat per millorar la llegibilitat.<\/li>\n<li>Navegaci\u00f3 Adaptable.<\/li>\n<li>Navegaci\u00f3 mitjan\u00e7ant el teclat.<\/li>\n<li>Enlla\u00e7os descriptius .<\/li>\n<li>Interpretaci\u00f3 de recursos gr\u00e0fics: permet con\u00e8ixer tots els detalls que contenen les p\u00e0gines, incloses les imatges, taules i altres elements HTML.<\/li>\n<\/ul>\n<h2>SITUACI\u00d3 DE COMPLIMENT<\/h2>\n<p>Aquest lloc web \u00e9s parcialment conforme amb el RD 1112\/2018 a causa de les excepcions i la manca de conformitat dels aspectes que s&#8217;indiquen al seg\u00fcent punt.<\/p>\n<h3>CONTINGUT NO ACCESSIBLE<\/h3>\n<p>El contingut que es recull a continuaci\u00f3 no \u00e9s accessible pel seg\u00fcent:<\/p>\n<p>Manca de conformitat amb el RD 1112\/2018<\/p>\n<p>Podrien existir alguns aspectes de contrast en algun text superposat sobre una imatge. [9.1.4.11 Contrast no textual]<\/p>\n<p>Podrien existir alguns elements no textuals no etiquetats correctament [2.5.3 Etiqueta al nom] i [4.1.2 Nom funci\u00f3 i valor]<\/p>\n<p>Podrien existir errors de codi puntuals dedici\u00f3 en alguna p\u00e0gina web. [4.1.1 Processament]<\/p>\n<p><strong>C\u00e0rrega desproporcionada: <\/strong>No s&#8217;aplica.<\/p>\n<h3>Contingut que no entra dins l&#8217;\u00e0mbit de la legislaci\u00f3 aplicable<\/h3>\n<p>Podrien existir fitxers ofim\u00e0tics en PDF que no compleixin \u00edntegrament tots els requisits d&#8217;accessibilitat. Tot i que s&#8217;ha procurat que la majoria s\u00ed que ho compleixin.<\/p>\n<h2>PREPARACI\u00d3 DE LA SEG\u00dcENT DECLARACI\u00d3 D&#8217;ACCESSIBILITAT<\/h2>\n<p>Aquesta declaraci\u00f3 va ser preparada el 23 de maig de 2023.<\/p>\n<p>El m\u00e8tode emprat per preparar la declaraci\u00f3 ha estat una autoavaluaci\u00f3 duta a terme per recursos interns.<\/p>\n<h2>OBSERVACIONS I DADES DE CONTACTE<\/h2>\n<p>Podeu realitzar comunicacions sobre requisits d&#8217;accessibilitat (article 10.2.a del RD 1112\/2018) com ara:<\/p>\n<p>Informar sobre qualsevol possible incompliment per part d&#8217;aquest lloc web<br \/>Transmetre altres dificultats d&#8217;acc\u00e9s al contingut<br \/>Formular qualsevol altra consulta o suggeriment de millora relativa a l&#8217;accessibilitat del lloc web<br \/>A trav\u00e9s de l&#8217;email de contacte info@palleja.com.<\/p>\n<p>Podeu presentar:<\/p>\n<p>Queixa relativa al compliment dels requisits del RD 1112\/2018 o Sol\u00b7licitud dinformaci\u00f3 accessible relativa a:<br \/>Continguts que estan exclosos de l\u00e0mbit daplicaci\u00f3 del RD 1112\/2018 segons el que estableix larticle 3, apartat 4<br \/>Continguts que estan exempts del compliment dels requisits daccessibilitat per imposar una c\u00e0rrega desproporcionada.<br \/>A la Sol\u00b7licitud d&#8217;informaci\u00f3 accessible, cal concretar, amb tota claredat, els fets, les raons i la petici\u00f3 que permetin constatar que es tracta d&#8217;una sol\u00b7licitud raonable i leg\u00edtima.<\/p>\n<p>Les queixes i reclamacions sobre informaci\u00f3 accessible es faran a trav\u00e9s del formulari de contacte.<\/p>\n<h2>PROCEDIMENT D&#8217;APLICACI\u00d3<\/h2>\n<p>Si una vegada realitzada una sol\u00b7licitud d&#8217;informaci\u00f3 accessible o queixa, aquesta ha estat desestimada, no s&#8217;estigu\u00e9s d&#8217;acord amb la decisi\u00f3 adoptada, o la resposta no compl\u00eds els requisits que preveu l&#8217;article 12.5, la persona interessada pot iniciar una reclamaci\u00f3. Igualment, es podr\u00e0 iniciar una reclamaci\u00f3 en cas que hagi transcorregut el termini de vint dies h\u00e0bils sense haver obtingut resposta.<\/p>\n<h2>CONTINGUT OPCIONAL<\/h2>\n<p>Aquest portal est\u00e0 dissenyat per poder canviar la mida del text i el color, aix\u00ed com el fons de la p\u00e0gina mitjan\u00e7ant les opcions de configuraci\u00f3 est\u00e0ndard dels navegadors.<\/p>\n<p>Si voleu canviar la mida de lletra del text als principals navegadors gr\u00e0fics utilitzeu els men\u00fas seg\u00fcents:<\/p>\n<ul>\n<li>Internet Explorer, Mozilla i Firefox: Veure &gt; Mida del text<\/li>\n<li>Opera: Veure &gt; Zoom<\/li>\n<li>Safari: Veure &gt; Fer el text m\u00e9s gran<\/li>\n<li>Chrome: Controla la p\u00e0gina actual &gt; Mida del text<\/li>\n<\/ul>\n<p>Per modificar la mida de tot a la p\u00e0gina:<\/p>\n<ul>\n<li>Ctrl + + per augmentar-lo<\/li>\n<li>Ctrl + \u2013 per disminuir-lo<\/li>\n<li>Ctrl + 0 restaura la mida original del text<\/li>\n<\/ul>\n<p>Si el que voleu \u00e9s anul\u00b7lar el full d&#8217;estils o modificar el color del text, podeu consultar la p\u00e0gina <a href=\"https:\/\/www.w3.org\/WAI\/changedesign\" target=\"_blank\" rel=\"noopener\">How to Change Text Size or Colors de la WAI.<\/a><\/p>\n<p>[\/et_pb_text][\/et_pb_column][\/et_pb_row][\/et_pb_section]<\/p>\n","protected":false},"excerpt":{"rendered":"<p>Declaraci\u00f3 d&#8217;accessibilitatJOSEP PALLEJ\u00c0, ADVOCAT, s&#8217;ha comprom\u00e8s a fer accessible el vostre lloc web, de conformitat amb el Reial Decret 1112\/2018, de 7 de setembre, sobre accessibilitat dels llocs web i aplicacions per a dispositius m\u00f2bils del sector p\u00fablic. Aquesta declaraci\u00f3 d&#8217;accessibilitat s&#8217;aplica al lloc web https:\/\/divorcioreus.com: Entre les actualitzacions realitzades al nostre lloc web en [&hellip;]<\/p>\n","protected":false},"author":1,"featured_media":0,"parent":0,"menu_order":0,"comment_status":"closed","ping_status":"closed","template":"","meta":{"_et_pb_use_builder":"on","_et_pb_old_content":"<!-- wp:divi\/placeholder \/-->","_et_gb_content_width":"","footnotes":""},"class_list":["post-19","page","type-page","status-publish","hentry"],"_links":{"self":[{"href":"https:\/\/divorcioreus.com\/ca\/wp-json\/wp\/v2\/pages\/19","targetHints":{"allow":["GET"]}}],"collection":[{"href":"https:\/\/divorcioreus.com\/ca\/wp-json\/wp\/v2\/pages"}],"about":[{"href":"https:\/\/divorcioreus.com\/ca\/wp-json\/wp\/v2\/types\/page"}],"author":[{"embeddable":true,"href":"https:\/\/divorcioreus.com\/ca\/wp-json\/wp\/v2\/users\/1"}],"replies":[{"embeddable":true,"href":"https:\/\/divorcioreus.com\/ca\/wp-json\/wp\/v2\/comments?post=19"}],"version-history":[{"count":1,"href":"https:\/\/divorcioreus.com\/ca\/wp-json\/wp\/v2\/pages\/19\/revisions"}],"predecessor-version":[{"id":637,"href":"https:\/\/divorcioreus.com\/ca\/wp-json\/wp\/v2\/pages\/19\/revisions\/637"}],"wp:attachment":[{"href":"https:\/\/divorcioreus.com\/ca\/wp-json\/wp\/v2\/media?parent=19"}],"curies":[{"name":"wp","href":"https:\/\/api.w.org\/{rel}","templated":true}]}}