{"id":15,"date":"2023-09-18T04:39:58","date_gmt":"2023-09-18T04:39:58","guid":{"rendered":"https:\/\/divorcioreus.com\/?page_id=15"},"modified":"2023-12-13T00:23:00","modified_gmt":"2023-12-12T23:23:00","slug":"contacte","status":"publish","type":"page","link":"https:\/\/divorcioreus.com\/ca\/contacte\/","title":{"rendered":"Contacte"},"content":{"rendered":"<p>[et_pb_section fb_built=&#8221;1&#8243; _builder_version=&#8221;4.22.1&#8243; _module_preset=&#8221;default&#8221; use_background_color_gradient=&#8221;on&#8221; background_color_gradient_stops=&#8221;rgba(255,255,255,0.34) 0%|#ffffff 97%&#8221; background_color_gradient_overlays_image=&#8221;on&#8221; background_image=&#8221;https:\/\/divorcioreus.com\/wp-content\/uploads\/2023\/12\/abogado-proceso-separacion.jpg&#8221; background_position=&#8221;bottom_center&#8221; custom_padding=&#8221;16px||16px||true|false&#8221; hover_enabled=&#8221;0&#8243; custom_css_main_element=&#8221;display:flex;||flex-flow:column nowrap;||justify-content:center;&#8221; global_colors_info=&#8221;{}&#8221; title_text=&#8221;abogado-proceso-separacion&#8221; sticky_enabled=&#8221;0&#8243;][et_pb_row column_structure=&#8221;3_5,2_5&#8243; make_equal=&#8221;on&#8221; _builder_version=&#8221;4.22.1&#8243; _module_preset=&#8221;default&#8221; width=&#8221;90%&#8221; global_colors_info=&#8221;{}&#8221;][et_pb_column type=&#8221;3_5&#8243; _builder_version=&#8221;4.22.1&#8243; _module_preset=&#8221;default&#8221; custom_css_main_element=&#8221;display:flex;||flex-flow:column nowrap;||justify-content:flex-end;&#8221; global_colors_info=&#8221;{}&#8221;][et_pb_text content_tablet=&#8221;<\/p>\n<h1>Consultoria per a<br \/>\nempresaris<\/h1>\n<p>&#8221; content_phone=&#8221;<\/p>\n<h1>Consultoria per a empresaris<\/h1>\n<p>&#8221; content_last_edited=&#8221;off|desktop&#8221; _builder_version=&#8221;4.22.1&#8243; _module_preset=&#8221;default&#8221; header_font=&#8221;|||on|||||&#8221; header_text_color=&#8221;#033672&#8243; header_font_size=&#8221;60px&#8221; header_text_align_tablet=&#8221;center&#8221; header_text_align_phone=&#8221;center&#8221; header_text_align_last_edited=&#8221;on|phone&#8221; header_font_size_tablet=&#8221;54px&#8221; header_font_size_phone=&#8221;28px&#8221; header_font_size_last_edited=&#8221;on|desktop&#8221; global_colors_info=&#8221;{}&#8221; header_letter_spacing__hover_enabled=&#8221;on|desktop&#8221;]<\/p>\n<h1>Vol iniciar un<br \/>proc\u00e9s de divorci?<\/h1>\n<p>[\/et_pb_text][\/et_pb_column][et_pb_column type=&#8221;2_5&#8243; _builder_version=&#8221;4.22.1&#8243; _module_preset=&#8221;default&#8221; global_colors_info=&#8221;{}&#8221;][dvppl_cf7_styler use_form_header=&#8221;on&#8221; form_header_title=&#8221;Demanin&#8217;ns m\u00e9s informaci\u00f3 sense cap comprom\u00eds!&#8221; button_alignment=&#8221;center&#8221; cf7=&#8221;29&#8243; cr_custom_styles=&#8221;on&#8221; cr_label_color=&#8221;#FFFFFF&#8221; module_id=&#8221;formHome&#8221; _builder_version=&#8221;4.22.1&#8243; _module_preset=&#8221;default&#8221; form_field_font_font=&#8221;||||||||&#8221; labels_font_size=&#8221;14px&#8221; placeholder_text_color=&#8221;#000000&#8243; title_font=&#8221;|700||on|||||&#8221; title_text_color=&#8221;#FFFFFF&#8221; title_font_size=&#8221;24px&#8221; title_line_height=&#8221;1.2em&#8221; background_color=&#8221;#033672&#8243; custom_submit_button=&#8221;on&#8221; submit_button_text_color=&#8221;#000000&#8243; submit_button_bg_color=&#8221;#FFFFFF&#8221; submit_button_border_width=&#8221;0px&#8221; submit_button_font=&#8221;|700||on|||||&#8221; submit_button_custom_margin=&#8221;8px||8px||true|false&#8221; submit_button_custom_padding=&#8221;5px||5px||true|false&#8221; max_width=&#8221;300px&#8221; module_alignment=&#8221;center&#8221; custom_padding=&#8221;16px|16px|16px|16px|true|true&#8221; custom_css_cf7_labels=&#8221;color:#fff;&#8221; border_radii=&#8221;on|5px|5px|5px|5px&#8221; border_radii_field=&#8221;on|5px|5px|5px|5px&#8221; global_colors_info=&#8221;{}&#8221;][\/dvppl_cf7_styler][\/et_pb_column][\/et_pb_row][\/et_pb_section][et_pb_section fb_built=&#8221;1&#8243; _builder_version=&#8221;4.22.1&#8243; _module_preset=&#8221;default&#8221; background_color=&#8221;#033672&#8243; custom_padding=&#8221;4px||4px||true|false&#8221; global_colors_info=&#8221;{}&#8221;][et_pb_row _builder_version=&#8221;4.22.1&#8243; _module_preset=&#8221;default&#8221; global_colors_info=&#8221;{}&#8221;][et_pb_column type=&#8221;4_4&#8243; _builder_version=&#8221;4.22.1&#8243; _module_preset=&#8221;default&#8221; global_colors_info=&#8221;{}&#8221;][et_pb_text _builder_version=&#8221;4.22.1&#8243; _module_preset=&#8221;default&#8221; text_font=&#8221;|700||on|||||&#8221; text_font_size=&#8221;32px&#8221; text_line_height=&#8221;1.3em&#8221; text_orientation=&#8221;center&#8221; background_layout=&#8221;dark&#8221; text_font_size_tablet=&#8221;32px&#8221; text_font_size_phone=&#8221;22px&#8221; text_font_size_last_edited=&#8221;on|desktop&#8221; text_orientation_tablet=&#8221;center&#8221; text_orientation_phone=&#8221;center&#8221; text_orientation_last_edited=&#8221;off|desktop&#8221; global_colors_info=&#8221;{}&#8221;]<\/p>\n<p><span>Si vol divorciar-se, el podem ajudar<\/span><\/p>\n<p>[\/et_pb_text][\/et_pb_column][\/et_pb_row][\/et_pb_section][et_pb_section fb_built=&#8221;1&#8243; admin_label=&#8221;Section&#8221; _builder_version=&#8221;4.22.1&#8243; _module_preset=&#8221;default&#8221; custom_padding=&#8221;||16px||false|false&#8221; global_colors_info=&#8221;{}&#8221;][et_pb_row _builder_version=&#8221;4.22.1&#8243; _module_preset=&#8221;default&#8221; max_width=&#8221;800px&#8221; global_colors_info=&#8221;{}&#8221;][et_pb_column type=&#8221;4_4&#8243; _builder_version=&#8221;4.22.1&#8243; _module_preset=&#8221;default&#8221; global_colors_info=&#8221;{}&#8221;][et_pb_text _builder_version=&#8221;4.22.1&#8243; _module_preset=&#8221;default&#8221; header_2_font=&#8221;|700|||||||&#8221; header_2_text_align=&#8221;center&#8221; header_2_font_size=&#8221;42px&#8221; custom_margin=&#8221;||4px||false|false&#8221; header_2_font_size_tablet=&#8221;36px&#8221; header_2_font_size_phone=&#8221;28px&#8221; header_2_font_size_last_edited=&#8221;on|phone&#8221; global_colors_info=&#8221;{}&#8221;]<\/p>\n<h2>Contacti&#8217;ns<\/h2>\n<p>[\/et_pb_text][et_pb_text _builder_version=&#8221;4.22.1&#8243; _module_preset=&#8221;default&#8221; text_orientation=&#8221;center&#8221; global_colors_info=&#8221;{}&#8221;]<\/p>\n<p>Ompli i envii aquest formulari i ens posarem en contacte amb vost\u00e8 el m\u00e9s aviat possible.<\/p>\n<p>[\/et_pb_text][\/et_pb_column][\/et_pb_row][et_pb_row _builder_version=&#8221;4.22.1&#8243; _module_preset=&#8221;default&#8221; global_colors_info=&#8221;{}&#8221;][et_pb_column type=&#8221;4_4&#8243; _builder_version=&#8221;4.22.1&#8243; _module_preset=&#8221;default&#8221; global_colors_info=&#8221;{}&#8221;][dvppl_cf7_styler button_alignment=&#8221;center&#8221; cf7=&#8221;30&#8243; form_field_padding=&#8221;10px|15px|10px|15px|false|false&#8221; form_background_color=&#8221;#FFFFFF&#8221; cr_custom_styles=&#8221;on&#8221; cr_border_color=&#8221;#000000&#8243; cr_border_size=&#8221;2px&#8221; _builder_version=&#8221;4.22.1&#8243; _module_preset=&#8221;default&#8221; form_field_font_text_color=&#8221;#000000&#8243; custom_submit_button=&#8221;on&#8221; submit_button_bg_color=&#8221;#2151A8&#8243; submit_button_border_width=&#8221;0px&#8221; submit_button_font=&#8221;|700|||||||&#8221; submit_button_custom_padding=&#8221;10px|15px|10px|15px|true|true&#8221; max_width=&#8221;500px&#8221; module_alignment=&#8221;center&#8221; custom_padding=&#8221;32px|32px|32px|32px|true|true&#8221; border_radii=&#8221;on|5px|5px|5px|5px&#8221; border_width_all=&#8221;1px&#8221; border_color_all=&#8221;#2151A8&#8243; border_radii_field=&#8221;on|5px|5px|5px|5px&#8221; border_width_all_field=&#8221;1px&#8221; border_color_all_field=&#8221;#2151A8&#8243; global_colors_info=&#8221;{}&#8221;][\/dvppl_cf7_styler][et_pb_code _builder_version=&#8221;4.22.1&#8243; _module_preset=&#8221;default&#8221; custom_css_main_element=&#8221;display:hidden;&#8221; global_colors_info=&#8221;{}&#8221;]<\/p>\n<style><!-- [et_pb_line_break_holder] -->  .wpcf7-list-item{display:block;}<!-- [et_pb_line_break_holder] --><\/style>\n<p>[\/et_pb_code][\/et_pb_column][\/et_pb_row][\/et_pb_section]<\/p>\n","protected":false},"excerpt":{"rendered":"<p>Vol iniciar unproc\u00e9s de divorci?<div id=\"formHome\" class=\"et_pb_module dvppl_cf7_styler dvppl_cf7_styler_0\">\n\t\t\t\t\n\t\t\t\t\n\t\t\t\t\n\t\t\t\t\n\t\t\t\t\n\t\t\t\t\n\t\t\t\t<div class=\"et_pb_module_inner\">\n\t\t\t\t\t<div class=\"dipe-cf7-container dipe-cf7-button-center\">\n\t\t\t\t<div class=\"dipe-form-header-container\">\n                \t<div class=\"dipe-form-header\">\n                \t\t<div class=\"dipe-form-header-info\"><h2 class=\"dipe-form-header-title\">Demanin'ns m\u00e9s informaci\u00f3 sense cap comprom\u00eds!<\/h2><div class=\"dipe-form-header-text\"><\/div><\/div>\n                \t<\/div>\n                <\/div>\n\t\t\t\t<div class=\"dipe-cf7 dipe-cf7-styler dipe-cf7-cr\">\n\t\t\t\t\t\n<div class=\"wpcf7 no-js\" id=\"wpcf7-f29-o1\" lang=\"ca\" dir=\"ltr\">\n<div class=\"screen-reader-response\"><p role=\"status\" aria-live=\"polite\" aria-atomic=\"true\"><\/p> <ul><\/ul><\/div>\n<form action=\"\/ca\/wp-json\/wp\/v2\/pages\/15#wpcf7-f29-o1\" method=\"post\" class=\"wpcf7-form init\" aria-label=\"Formulari de contacte\" novalidate=\"novalidate\" data-status=\"init\">\n<div style=\"display: none;\">\n<input type=\"hidden\" name=\"_wpcf7\" value=\"29\" \/>\n<input type=\"hidden\" name=\"_wpcf7_version\" value=\"5.8.4\" \/>\n<input type=\"hidden\" name=\"_wpcf7_locale\" value=\"ca\" \/>\n<input type=\"hidden\" name=\"_wpcf7_unit_tag\" value=\"wpcf7-f29-o1\" \/>\n<input type=\"hidden\" name=\"_wpcf7_container_post\" value=\"0\" \/>\n<input type=\"hidden\" name=\"_wpcf7_posted_data_hash\" value=\"\" \/>\n<input type=\"hidden\" name=\"_wpcf7_recaptcha_response\" value=\"\" \/>\n<\/div>\n<p><span class=\"wpcf7-form-control-wrap\" data-name=\"nom\"><input size=\"40\" class=\"wpcf7-form-control wpcf7-text wpcf7-validates-as-required nom\" id=\"nom\" aria-required=\"true\" aria-invalid=\"false\" placeholder=\"*Nom\" value=\"\" type=\"text\" name=\"nom\" \/><\/span><br \/>\n<span class=\"wpcf7-form-control-wrap\" data-name=\"telefon\"><input size=\"40\" class=\"wpcf7-form-control wpcf7-text wpcf7-validates-as-required telefon\" id=\"telefon\" aria-required=\"true\" aria-invalid=\"false\" placeholder=\"*Tel\u00e8fon\" value=\"\" type=\"text\" name=\"telefon\" \/><\/span>\n<\/p>\n<div>\n\t<p><span class=\"wpcf7-form-control-wrap\" data-name=\"rgpd\"><span class=\"wpcf7-form-control wpcf7-acceptance\"><span class=\"wpcf7-list-item\"><label><input type=\"checkbox\" name=\"rgpd\" value=\"1\" class=\"rgpd\" id=\"rgpd\" aria-invalid=\"false\" \/><span class=\"wpcf7-list-item-label\">Accepto la pol\u00edtica de privacitat<\/span><\/label><\/span><\/span><\/span>\n\t<\/p>\n<\/div>\n<p><input class=\"wpcf7-form-control wpcf7-submit has-spinner\" type=\"submit\" value=\"Enviar\" \/>\n<\/p>\n<div id=\"avisoRGPD\">\n\t<div id=\"textoRGPD\">\n\t\t<p>Informaci\u00f3 b\u00e0sica sobre protecci\u00f3 de dades <i class=\"fa fa-info-circle\" aria-hidden=\"true\"><\/i>\n\t\t<\/p>\n\t<\/div>\n\t<div id=\"textoDesplegado\" class=\"hidden\">\n\t\t<p><b>Responsable<\/b>: Josep Pallej\u00e0, Advocat.\n\t\t<\/p>\n\t\t<p><b>Finalitat<\/b>: Resoluci\u00f3 de consultes, prestaci\u00f3 de la informaci\u00f3 requerida pels interessats i contacte amb els mateixos, pr\u00e8via sol\u00b7licitud d'aquests.\n\t\t<\/p>\n\t\t<p><b>Legitimaci\u00f3<\/b>: Consentiment de l'interessat.\n\t\t<\/p>\n\t\t<p><b>Destinataris<\/b>: No se cediran dades a tercers, excepte obligaci\u00f3 legal.\n\t\t<\/p>\n\t\t<p><b>Drets<\/b>: Accedir, rectificar, limitar i suprimir les dades, aix\u00ed com presentar una reclamaci\u00f3 davant l'autoritat nacional de control, com s'explica a la informaci\u00f3 addicional.\n\t\t<\/p>\n\t\t<p><b>Informaci\u00f3 addicional<\/b>: Podeu consultar la informaci\u00f3 addicional i detallada sobre Protecci\u00f3 de Dades en la nostra \"Pol\u00edtica de Privacitat\".\n\t\t<\/p>\n\t<\/div>\n<\/div><div class=\"wpcf7-response-output\" aria-hidden=\"true\"><\/div>\n<\/form>\n<\/div>\n\n\t\t\t\t<\/div>\n\t\t\t<\/div>\n\t\t\t\t<\/div>\n\t\t\t<\/div>Si vol divorciar-se, el podem ajudarContacti&#8217;nsOmpli i envii aquest formulari i ens posarem en contacte [&hellip;]<\/p>\n","protected":false},"author":1,"featured_media":0,"parent":0,"menu_order":0,"comment_status":"closed","ping_status":"closed","template":"","meta":{"_et_pb_use_builder":"on","_et_pb_old_content":"<!-- wp:divi\/placeholder \/-->","_et_gb_content_width":"","footnotes":""},"class_list":["post-15","page","type-page","status-publish","hentry"],"_links":{"self":[{"href":"https:\/\/divorcioreus.com\/ca\/wp-json\/wp\/v2\/pages\/15","targetHints":{"allow":["GET"]}}],"collection":[{"href":"https:\/\/divorcioreus.com\/ca\/wp-json\/wp\/v2\/pages"}],"about":[{"href":"https:\/\/divorcioreus.com\/ca\/wp-json\/wp\/v2\/types\/page"}],"author":[{"embeddable":true,"href":"https:\/\/divorcioreus.com\/ca\/wp-json\/wp\/v2\/users\/1"}],"replies":[{"embeddable":true,"href":"https:\/\/divorcioreus.com\/ca\/wp-json\/wp\/v2\/comments?post=15"}],"version-history":[{"count":3,"href":"https:\/\/divorcioreus.com\/ca\/wp-json\/wp\/v2\/pages\/15\/revisions"}],"predecessor-version":[{"id":636,"href":"https:\/\/divorcioreus.com\/ca\/wp-json\/wp\/v2\/pages\/15\/revisions\/636"}],"wp:attachment":[{"href":"https:\/\/divorcioreus.com\/ca\/wp-json\/wp\/v2\/media?parent=15"}],"curies":[{"name":"wp","href":"https:\/\/api.w.org\/{rel}","templated":true}]}}